{"id":9,"date":"2021-03-26T15:40:35","date_gmt":"2021-03-26T15:40:35","guid":{"rendered":"https:\/\/solaris.univ-tours.fr\/?page_id=9"},"modified":"2021-07-12T12:25:59","modified_gmt":"2021-07-12T12:25:59","slug":"home","status":"publish","type":"page","link":"https:\/\/solaris.univ-tours.fr\/","title":{"rendered":"Home"},"content":{"rendered":"<img width=\"1024\" height=\"405\" src=\"https:\/\/solaris.univ-tours.fr\/wp-content\/uploads\/2021\/05\/Logo_solaris_white-1024x405.png\" alt=\"\" loading=\"lazy\" srcset=\"https:\/\/solaris.univ-tours.fr\/wp-content\/uploads\/2021\/05\/Logo_solaris_white-1024x405.png 1024w, https:\/\/solaris.univ-tours.fr\/wp-content\/uploads\/2021\/05\/Logo_solaris_white-300x119.png 300w, https:\/\/solaris.univ-tours.fr\/wp-content\/uploads\/2021\/05\/Logo_solaris_white-768x304.png 768w, https:\/\/solaris.univ-tours.fr\/wp-content\/uploads\/2021\/05\/Logo_solaris_white-1536x607.png 1536w, https:\/\/solaris.univ-tours.fr\/wp-content\/uploads\/2021\/05\/Logo_solaris_white.png 1839w\" sizes=\"(max-width: 1024px) 100vw, 1024px\" \/>\t\t\t\t\t\t\t\t\t\t\t\n\t\t\t<h3>Project<\/h3>\t\t\n\t\t<p>SOLARIS focuses on the climate change adaptation policies, on how they take into account the link between floods and socio-spatial inequalities. We evaluate the design of instruments, local governance and implementation of on-going projects.<\/p>\t\t\n\t\t\t<a href=\"https:\/\/solaris.univ-tours.fr\/?page_id=74\" role=\"button\">\n\t\t\t\t\t\tlearn more\n\t\t\t\t\t<\/a>\n\t\t\t<h3>Our Team<\/h3>\t\t\n\t\t<p>We are 15 people, spread over 7 laboratories.<\/p>\t\t\n\t\t\t<a href=\"https:\/\/solaris.univ-tours.fr\/?page_id=185\" role=\"button\">\n\t\t\t\t\t\tlearn more\n\t\t\t\t\t<\/a>\n\t\t\t\t\t\t\t\t\t\t<img width=\"1024\" height=\"768\" src=\"https:\/\/solaris.univ-tours.fr\/wp-content\/uploads\/2021\/03\/180221_132-retour-vers-Vienne-1024x768.jpg\" alt=\"\" loading=\"lazy\" srcset=\"https:\/\/solaris.univ-tours.fr\/wp-content\/uploads\/2021\/03\/180221_132-retour-vers-Vienne-1024x768.jpg 1024w, https:\/\/solaris.univ-tours.fr\/wp-content\/uploads\/2021\/03\/180221_132-retour-vers-Vienne-300x225.jpg 300w, https:\/\/solaris.univ-tours.fr\/wp-content\/uploads\/2021\/03\/180221_132-retour-vers-Vienne-768x576.jpg 768w, https:\/\/solaris.univ-tours.fr\/wp-content\/uploads\/2021\/03\/180221_132-retour-vers-Vienne-1536x1152.jpg 1536w, https:\/\/solaris.univ-tours.fr\/wp-content\/uploads\/2021\/03\/180221_132-retour-vers-Vienne.jpg 2000w\" sizes=\"(max-width: 1024px) 100vw, 1024px\" \/>\t\t\t\t\t\t\t\t\t\t\t\n\t\t\t<h3>About Us<\/h3>\t\t\n<p>SOLidarity in climate change Adaptation policies: towards more socio-spatial justice in the face of multiple RISks \u2013 SOLARIS<\/p>\n<h2>COORDINATION<\/h2>\n<h1 style=\"margin-bottom: 1.33333em; font-family: Montserrat, -apple-system, BlinkMacSystemFont, 'Segoe UI', Helvetica, Arial, Ubuntu, sans-serif, 'Apple Color Emoji', 'Segoe UI Emoji', 'Segoe UI Symbol'; line-height: 2.5rem; color: #10337f; font-size: 1.875rem; font-style: normal; font-variant-ligatures: normal; font-variant-caps: normal; text-align: left;\"><\/h1>\n<p><strong>Ms Mathilde GRALEPOIS<br \/><\/strong>\u00a0CITERES &#8211; <i> Cit\u00e9s, Territoires, Environnement et Soci\u00e9t\u00e9s<\/i> Research Center &#8211; University of Tours<\/p>\n<p>\u00a0<\/p>\n<h1 style=\"margin-bottom: 1.33333em; font-family: Montserrat, -apple-system, BlinkMacSystemFont, 'Segoe UI', Helvetica, Arial, Ubuntu, sans-serif, 'Apple Color Emoji', 'Segoe UI Emoji', 'Segoe UI Symbol'; line-height: 2.5rem; color: #10337f; font-size: 1.875rem; font-style: normal; font-variant-ligatures: normal; font-variant-caps: normal; text-align: left;\"><\/h1>\n<h2>PARTNERS<\/h2>\n<h1 style=\"margin-bottom: 1.33333em; font-family: Montserrat, -apple-system, BlinkMacSystemFont, 'Segoe UI', Helvetica, Arial, Ubuntu, sans-serif, 'Apple Color Emoji', 'Segoe UI Emoji', 'Segoe UI Symbol'; line-height: 2.5rem; color: #10337f; font-size: 1.875rem; font-style: normal; font-variant-ligatures: normal; font-variant-caps: normal; text-align: left;\"><\/h1>\n<h6>Finnish Environment Institute (SYKE) <br \/>Flood Hazard Research Centre &#8211; Middlesex University<br \/>LAB&#8217;URBA Research Center &#8211; University of Paris Est-Cr\u00e9teil<br \/>CITERES Research Center &#8211; University of Tours<br \/>CRESC Research Center &#8211; University of Antwerp<br \/>GeF Research Center &#8211; National Conservatory of Arts and Crafts<br \/><\/h6>\n<p>\u00a0<\/p>\n<h1 style=\"margin-bottom: 1.33333em; font-family: Montserrat, -apple-system, BlinkMacSystemFont, 'Segoe UI', Helvetica, Arial, Ubuntu, sans-serif, 'Apple Color Emoji', 'Segoe UI Emoji', 'Segoe UI Symbol'; line-height: 2.5rem; color: #10337f; font-size: 1.875rem; font-style: normal; font-variant-ligatures: normal; font-variant-caps: normal; text-align: left;\"><\/h1>","protected":false},"excerpt":{"rendered":"<p>Project SOLARIS focuses on the climate change adaptation policies, on how they take into account the link between floods and socio-spatial inequalities. We evaluate the design of instruments, local governance and implementation of on-going projects. learn more Our Team We are 15 people, spread over 7 laboratories. learn more About Us SOLidarity in climate change [&hellip;]<\/p>\n","protected":false},"author":1,"featured_media":18,"parent":0,"menu_order":0,"comment_status":"closed","ping_status":"closed","template":"","meta":[],"_links":{"self":[{"href":"https:\/\/solaris.univ-tours.fr\/index.php?rest_route=\/wp\/v2\/pages\/9"}],"collection":[{"href":"https:\/\/solaris.univ-tours.fr\/index.php?rest_route=\/wp\/v2\/pages"}],"about":[{"href":"https:\/\/solaris.univ-tours.fr\/index.php?rest_route=\/wp\/v2\/types\/page"}],"author":[{"embeddable":true,"href":"https:\/\/solaris.univ-tours.fr\/index.php?rest_route=\/wp\/v2\/users\/1"}],"replies":[{"embeddable":true,"href":"https:\/\/solaris.univ-tours.fr\/index.php?rest_route=%2Fwp%2Fv2%2Fcomments&post=9"}],"version-history":[{"count":113,"href":"https:\/\/solaris.univ-tours.fr\/index.php?rest_route=\/wp\/v2\/pages\/9\/revisions"}],"predecessor-version":[{"id":699,"href":"https:\/\/solaris.univ-tours.fr\/index.php?rest_route=\/wp\/v2\/pages\/9\/revisions\/699"}],"wp:featuredmedia":[{"embeddable":true,"href":"https:\/\/solaris.univ-tours.fr\/index.php?rest_route=\/wp\/v2\/media\/18"}],"wp:attachment":[{"href":"https:\/\/solaris.univ-tours.fr\/index.php?rest_route=%2Fwp%2Fv2%2Fmedia&parent=9"}],"curies":[{"name":"wp","href":"https:\/\/api.w.org\/{rel}","templated":true}]}}