{"id":1110,"date":"2023-09-14T12:20:57","date_gmt":"2023-09-14T12:20:57","guid":{"rendered":"https:\/\/solaris.univ-tours.fr\/?page_id=1110"},"modified":"2024-11-19T12:04:47","modified_gmt":"2024-11-19T12:04:47","slug":"scientific-publications","status":"publish","type":"page","link":"https:\/\/solaris.univ-tours.fr\/?page_id=1110","title":{"rendered":"Scientific publications"},"content":{"rendered":"<h2>Scientific publications<\/h2>\n<p>Below you will find our scientific articles as they are published<\/p>\n<p>Paauw, M., Crabb\u00e9 A., Guevara Viquez S., Priest S. (2024). \u2018The Role of Different Types of Knowledge and Expertise in Explaining Recognition Justice in Flood Defence and Flood Risk Prevention\u2019. <i>Journal of Flood Risk Management<\/i>, October, e13040. [<a href=\"https:\/\/doi.org\/10.1111\/jfr3.13040\">online<\/a>].\u00a0Bonnefond, M., Guevara Viquez, S., Gralepois, M. (2024). Pluraliser les savoirs pour penser les futurs face \u00e0 l\u2019incertitude. Le cas de l\u2019effondrement de la falaise d\u2019Ault (Picardie, France). <i>Nouvelles perspectives en sciences sociales<\/i>, <i>19<\/i>(2), 67. [<a href=\"https:\/\/doi.org\/10.7202\/1112401ar\">online<\/a>]\u00a0Gralepois, M., Paauw, M., Guevara, S., Crabb\u00e9, A. (2024). Overcoming barriers to integrate more justice into climate change policies. Lessons from adaptation policies and flood risk management in Flanders and France. <i>Total Environment Advances<\/i>, <i>10<\/i>, 200098. [<a href=\"https:\/\/doi.org\/10.1016\/j.teadva.2024.200098\">online<\/a>]\u00a0Paauw, M., Smith, G., Crabb\u00e9, A., Fournier, M., Munck Af Rosensch\u00f6ld, J., Priest, S., Rekola, A. (2024). Recognition of differences in the capacity to deal with floods\u2014A cross\u2010country comparison of flood risk management. <i>Journal of Flood Risk Management<\/i>, e12965. [<a href=\"https:\/\/doi.org\/10.1111\/jfr3.12965\">online<\/a>]\u00a0Guevara, S., Cardinal, J. (2023). L\u2019impens\u00e9 social des pratiques de d\u00e9localisation pr\u00e9ventive. Ce que les cas de Blois et Ault apportent aux d\u00e9bats sur l\u2019adaptation au changement climatique. <i>Dynamiques environnementales<\/i>, <i>51<\/i>, 1\u201128. <a href=\"https:\/\/doi.org\/10.4000\/dynenviron.7598\">[online<\/a>]\u00a0<\/p>\n<p>Fournier, M., Gralepois, M. (2023). Des SfN avant l\u2019heure\u202f: Ce que nous en disent les op\u00e9rations de mitigation urbaine en zone inondable. Le cas des villes lig\u00e9riennes. <i>D\u00e9veloppement durable et territoires<\/i>, <i>Vol. 14, n\u00b02<\/i>. https:\/\/doi.org\/10.4000\/developpementdurable.22851 [<a href=\"https:\/\/doi.org\/10.4000\/developpementdurable.22851\">online<\/a>]<\/p>\n<p>Cardinal, J. (2023). Questionner les effets in\u00e9galitaires de la mise en place d\u2019une solution fond\u00e9e sur la nature face aux risques d\u2019inondation. \u00c9tude de cas du territoire de La Bouillie, \u00e0 Blois. <i>D\u00e9veloppement durable et territoires<\/i>, <i>Vol. 14, n\u00b02<\/i>. https:\/\/doi.org\/10.4000\/developpementdurable.22869 <a href=\"https:\/\/journals.openedition.org\/developpementdurable\/22869#quotation\">[online]<\/a><\/p>\n<p>Paauw, M., Crabb\u00e9, A. (2023). The Social Dimension of Nature-Based Solutions: The Potential of Co-Creation Processes for NBS to Reduce Social Vulnerability to Floods. In: Leal Filho, W., Nagy, G.J., Ayal, D. (eds) <em>Handbook of Nature-Based Solutions to Mitigation and Adaptation to Climate Change<\/em>. Springer, Cham. [<a style=\"color: #000000;\" href=\"https:\/\/doi.org\/10.1007\/978-3-030-98067-2_19-1\">online<\/a>]\u00a0<\/p>\n<p>Cardinal, J., Guevara Viquez, S., Gralepois, M., Fournier, M. (2022). Participation et exclusion. La distribution des in\u00e9galit\u00e9s socio-spatiales dans la mise en \u0153uvre des politiques de pr\u00e9vention des inondations (Blois). <em>Bulletin de l&#8217;Association de G\u00e9ographes Fran\u00e7ais<\/em>, 99-3, 417\u2013434. https:\/\/doi.org\/10.4000\/bagf.9922 <a style=\"color: #808080;\" href=\"https:\/\/journals.openedition.org\/bagf\/9922\">[online]<\/a><\/p>\n","protected":false},"excerpt":{"rendered":"<p>Scientific publications Below you will find our scientific articles as they are published Paauw, M., Crabb\u00e9 A., Guevara Viquez S., Priest S. (2024). \u2018The Role of Different Types of Knowledge and Expertise in Explaining Recognition Justice in Flood Defence and Flood Risk Prevention\u2019. Journal of Flood Risk Management, October, e13040. [online].\u00a0Bonnefond, M., Guevara Viquez, S., [&hellip;]<\/p>\n","protected":false},"author":2,"featured_media":0,"parent":0,"menu_order":0,"comment_status":"closed","ping_status":"closed","template":"","meta":[],"_links":{"self":[{"href":"https:\/\/solaris.univ-tours.fr\/index.php?rest_route=\/wp\/v2\/pages\/1110"}],"collection":[{"href":"https:\/\/solaris.univ-tours.fr\/index.php?rest_route=\/wp\/v2\/pages"}],"about":[{"href":"https:\/\/solaris.univ-tours.fr\/index.php?rest_route=\/wp\/v2\/types\/page"}],"author":[{"embeddable":true,"href":"https:\/\/solaris.univ-tours.fr\/index.php?rest_route=\/wp\/v2\/users\/2"}],"replies":[{"embeddable":true,"href":"https:\/\/solaris.univ-tours.fr\/index.php?rest_route=%2Fwp%2Fv2%2Fcomments&post=1110"}],"version-history":[{"count":54,"href":"https:\/\/solaris.univ-tours.fr\/index.php?rest_route=\/wp\/v2\/pages\/1110\/revisions"}],"predecessor-version":[{"id":1758,"href":"https:\/\/solaris.univ-tours.fr\/index.php?rest_route=\/wp\/v2\/pages\/1110\/revisions\/1758"}],"wp:attachment":[{"href":"https:\/\/solaris.univ-tours.fr\/index.php?rest_route=%2Fwp%2Fv2%2Fmedia&parent=1110"}],"curies":[{"name":"wp","href":"https:\/\/api.w.org\/{rel}","templated":true}]}}